{"id":928,"date":"2017-07-15T10:47:47","date_gmt":"2017-07-15T07:47:47","guid":{"rendered":"http:\/\/www.paksoyenerji.com\/?page_id=928"},"modified":"2020-10-05T11:52:15","modified_gmt":"2020-10-05T08:52:15","slug":"is-guvenligi-egitimleri-ve-risk-analizi","status":"publish","type":"page","link":"https:\/\/www.paksoyenerji.com\/index.php\/faaliyetlerimiz\/is-guvenligi-egitimleri-ve-risk-analizi\/","title":{"rendered":"\u0130\u015f G\u00fcvenli\u011fi E\u011fitimleri ve Risk Analizi"},"content":{"rendered":"<h3><strong><span style=\"color: #ffcc00;\">\u0130\u015e SA\u011eLI\u011eI VE G\u00dcVENL\u0130\u011e\u0130 NED\u0130R?<\/span><\/strong><\/h3>\n<hr \/>\n<p>\u0130\u015f yerindeki fiziki \u00e7evre \u015fartlar\u0131, \u00e7al\u0131\u015fma ortam\u0131 gibi sebeplerden \u00f6t\u00fcr\u00fc i\u015f\u00e7ilerin kar\u015f\u0131la\u015fabilecekleri sa\u011fl\u0131k sorunlar\u0131 ve mesleki sorunlar\u0131n en aza indirilmesi veya ortadan kald\u0131r\u0131lmas\u0131 i\u00e7in analizler ve \u00e7al\u0131\u015fmalar yap\u0131lmas\u0131na\u00a0<a href=\"http:\/\/www.donusumisg.com\/\"><b>\u0130\u015f Sa\u011fl\u0131\u011f\u0131 ve G\u00fcvenli\u011fi\u00a0<\/b><\/a>denir.<\/p>\n<p><a href=\"http:\/\/www.donusumisg.com\/\"><b>\u0130\u015f sa\u011fl\u0131\u011f\u0131<\/b><\/a>\u00a0ve i\u015f g\u00fcvenli\u011finin tam olarak sa\u011flanabilmesi i\u00e7in i\u015f ortam\u0131nda olu\u015fabilecek tehlikelerin, sa\u011fl\u0131\u011fa zararl\u0131 olabilecek \u015fartlar\u0131n risk ve tehlike analizleri yap\u0131larak ortadan kald\u0131r\u0131lmalar\u0131 gerekmektedir.<\/p>\n<p>\u0130\u015f g\u00fcvenli\u011finin sa\u011flanmas\u0131 i\u00e7in al\u0131nan tedbirlerle hem i\u015f\u00e7i, hem i\u015fletme, hem de i\u015f yeri korunmu\u015f olur.<\/p>\n<p>\u0130\u015f sa\u011fl\u0131\u011f\u0131 ve g\u00fcvenli\u011finin temelini; i\u015f\u00e7ileri i\u015f kazalar\u0131ndan ve meslek hastal\u0131klardan korumak i\u00e7in gerekli \u00f6nlemleri almak, i\u015f\u00e7ileri bu konuda bilgilendirmek gelmektedir. <b>\u0130\u015f sa\u011fl\u0131\u011f\u0131 ve g\u00fcvenli\u011fi\u00a0<a href=\"http:\/\/www.donusumisg.com\/\">4857 say\u0131l\u0131 i\u015f kanunu<\/a><\/b>\u00a0ile de yasal temele dayand\u0131r\u0131lm\u0131\u015ft\u0131r. Bu yasada i\u015f sa\u011fl\u0131\u011f\u0131 ve g\u00fcvenli\u011fi hususunda i\u015fverenin ve i\u015f\u00e7ilerin y\u00fck\u00fcml\u00fcl\u00fckleri, ne gibi durumlarda i\u015f yerine gerekli cezai yapt\u0131r\u0131m\u0131n uygulanaca\u011f\u0131, i\u015f sa\u011fl\u0131\u011f\u0131 ve g\u00fcvenli\u011finin i\u015f yerinde \u00f6rg\u00fctl\u00fc olarak y\u00f6netilmesi gibi maddeler yer almaktad\u0131r.<\/p>\n<p>&nbsp;<\/p>\n<h3><strong><span style=\"color: #ffcc00;\">R\u0130SK ANAL\u0130Z\u0130 NED\u0130R?<\/span><\/strong><\/h3>\n<hr \/>\n<p><strong>Risk Analizi<\/strong>\u00a0i\u015fletme faaliyetleri s\u0131ras\u0131nda olu\u015fabilecek potansiyel tehlikelerin tan\u0131mlanmas\u0131 ve bunlara ili\u015fkin risklerin de\u011ferlendirilmesi, b\u00f6ylece beklenen veya olas\u0131 risklerle ilgili kontrol tedbirlerinin al\u0131nmas\u0131na ili\u015fkin y\u00f6ntem ve esaslar\u0131n sistematik bir \u015fekilde belirlenmesini sa\u011flayarak, yaralanmalar\u0131n ve sa\u011fl\u0131k bozulmalar\u0131n\u0131n asgari seviyelere indirilmesini sa\u011flamakt\u0131r.<\/p>\n<p><strong>Tehlike ve Risk De\u011ferlendirme \u00c7al\u0131\u015fmalar\u0131<\/strong><\/p>\n<p><strong>a.<\/strong>\u00a0\u0130\u015fe ba\u015flamada<br \/>\n\u2013 \u0130\u015fyerinin kurulup \u00fcretime ba\u015flamas\u0131ndan hemen sonra,<br \/>\n\u2013 \u0130\u015fyerinin daha \u00f6nce kurulmu\u015f ve risk analizi ve de\u011ferlendirme \u00e7al\u0131\u015fmalar\u0131n\u0131n hi\u00e7 yap\u0131lmam\u0131\u015f olmas\u0131 halinde,<\/p>\n<p><strong>b.<\/strong>\u00a0De\u011fi\u015fiklik durumunda<br \/>\n\u2013 \u0130\u015fyerinde, i\u015f, yer, el, teknoloji de\u011fi\u015fikli\u011fi,<br \/>\n\u2013 Yeni ve ciddi bir tehlikenin ortaya \u00e7\u0131kmas\u0131,<br \/>\n\u2013 Uygulamalar\u0131n g\u00f6zden ge\u00e7irilirken yeni bir durumun tespit edilmi\u015f olmas\u0131, durumlar\u0131ndan birinin ger\u00e7ekle\u015fmesi halinde,<\/p>\n<p><strong>c.<\/strong>\u00a0\u0130\u015f kazas\u0131, meslek hastal\u0131\u011f\u0131, olay vb. durumunda<br \/>\n\u2013 \u0130\u015fyerinin tamam\u0131n\u0131 ya da b\u00fcy\u00fck k\u0131sm\u0131n\u0131 etkileyebilecek bir kaza, i\u015f kazas\u0131, meslek hastal\u0131\u011f\u0131 ya da olay vb. durumun meydana gelmi\u015f olmas\u0131 halinde,<\/p>\n<p><strong>d.<\/strong>\u00a0D\u00fczenli aral\u0131klarla<br \/>\n\u2013 \u0130\u015fyerinden ve etkilenme alan\u0131ndan kaynaklanan tehlikelerin ve bu tehlikeler sonucu ortaya \u00e7\u0131kan risklerin yap\u0131s\u0131na ve faaliyetlerdeki ya da i\u015fteki de\u011fi\u015fimin derecesine ba\u011fl\u0131 olarak yap\u0131labilecektir.<\/p>\n<p><strong>Tehlike ve Risk de\u011ferlendirmesi i\u015fyerimizde \u015fu \u015fekilde yap\u0131lmaktad\u0131r:<\/strong><\/p>\n<p>\u2022<em>Risk Analizi\u00a0<\/em>\u00e7al\u0131\u015fmalar\u0131 ilgili birim yetkilileri taraf\u0131ndan s\u00fcrekli olarak izlenecek ve kontrol tedbirlerinin uygulanmas\u0131 ile risk skorlar\u0131 azalt\u0131larak iyile\u015ftirme \u00e7al\u0131\u015fmalar\u0131 ger\u00e7ekle\u015ftirilecektir.<\/p>\n<p>\u2022Belirlenen risklerin kabul edilebilir seviyeye indirilinceye kadar s\u00fcrekli izlenmesi gerekmektedir.<\/p>\n<p>\u2022Kabul edilebilir seviyeye indirilen riskler ise olas\u0131l\u0131k ve \u015fiddetlerinin artmamas\u0131 i\u00e7in al\u0131nm\u0131\u015f olan \u00f6nlemlerin devaml\u0131l\u0131\u011f\u0131 izlenmelidir.<\/p>\n<p>Risk de\u011ferlendirme metodolojileri i\u00e7erisinde yer alan metodlar ise \u015fu \u015fekilde tan\u0131mlanabilir;<\/p>\n<p>Ba\u015flang\u0131\u00e7 Tehlike analizi -PHA<br \/>\n\u0130\u015f G\u00fcvenli\u011fi analizi \u2013 JSA<br \/>\n\u00c7eklist Kullan\u0131larak Birincil Risk Analizi<br \/>\nRisk De\u011ferlendirme Karar Matris Metodolojisi<br \/>\nTehlike ve \u0130\u015fletilebilme \u00c7al\u0131\u015fmas\u0131 Metodolojisi \u2013 HAZOP<br \/>\nG\u00fcvenlik Denetimi<br \/>\nHata A\u011fac\u0131 Analizi Metodolojisi- FTA<br \/>\nOlas\u0131 Hata T\u00fcrleri ve Etki Analizi Metodolojisi \u2013 FMEA\/FMECA<br \/>\nOlay A\u011fac\u0131 Analizi \u2013 ETA<br \/>\nNeden \u2013 Sonu\u00e7 Analiz<\/p>\n","protected":false},"excerpt":{"rendered":"<p>\u0130\u015e SA\u011eLI\u011eI VE G\u00dcVENL\u0130\u011e\u0130 NED\u0130R? \u0130\u015f yerindeki fiziki \u00e7evre \u015fartlar\u0131, \u00e7al\u0131\u015fma ortam\u0131 gibi sebeplerden \u00f6t\u00fcr\u00fc i\u015f\u00e7ilerin kar\u015f\u0131la\u015fabilecekleri sa\u011fl\u0131k sorunlar\u0131 ve mesleki &#8230;<\/p>\n","protected":false},"author":1,"featured_media":1206,"parent":17,"menu_order":0,"comment_status":"closed","ping_status":"closed","template":"","meta":{"footnotes":""},"class_list":["post-928","page","type-page","status-publish","has-post-thumbnail","hentry"],"aioseo_notices":[],"_links":{"self":[{"href":"https:\/\/www.paksoyenerji.com\/index.php\/wp-json\/wp\/v2\/pages\/928","targetHints":{"allow":["GET"]}}],"collection":[{"href":"https:\/\/www.paksoyenerji.com\/index.php\/wp-json\/wp\/v2\/pages"}],"about":[{"href":"https:\/\/www.paksoyenerji.com\/index.php\/wp-json\/wp\/v2\/types\/page"}],"author":[{"embeddable":true,"href":"https:\/\/www.paksoyenerji.com\/index.php\/wp-json\/wp\/v2\/users\/1"}],"replies":[{"embeddable":true,"href":"https:\/\/www.paksoyenerji.com\/index.php\/wp-json\/wp\/v2\/comments?post=928"}],"version-history":[{"count":8,"href":"https:\/\/www.paksoyenerji.com\/index.php\/wp-json\/wp\/v2\/pages\/928\/revisions"}],"predecessor-version":[{"id":1216,"href":"https:\/\/www.paksoyenerji.com\/index.php\/wp-json\/wp\/v2\/pages\/928\/revisions\/1216"}],"up":[{"embeddable":true,"href":"https:\/\/www.paksoyenerji.com\/index.php\/wp-json\/wp\/v2\/pages\/17"}],"wp:featuredmedia":[{"embeddable":true,"href":"https:\/\/www.paksoyenerji.com\/index.php\/wp-json\/wp\/v2\/media\/1206"}],"wp:attachment":[{"href":"https:\/\/www.paksoyenerji.com\/index.php\/wp-json\/wp\/v2\/media?parent=928"}],"curies":[{"name":"wp","href":"https:\/\/api.w.org\/{rel}","templated":true}]}}