{"id":925,"date":"2017-07-15T10:46:33","date_gmt":"2017-07-15T07:46:33","guid":{"rendered":"http:\/\/www.paksoyenerji.com\/?page_id=925"},"modified":"2017-12-13T23:05:19","modified_gmt":"2017-12-13T20:05:19","slug":"lpg-sorumlu-mudur-hizmeti","status":"publish","type":"page","link":"https:\/\/www.paksoyenerji.com\/index.php\/faaliyetlerimiz\/lpg-sorumlu-mudur-hizmeti\/","title":{"rendered":"LPG Sorumlu M\u00fcd\u00fcr Hizmeti"},"content":{"rendered":"<h3 class=\"page-entry-title \"><span style=\"color: #ffcc00;\"><strong>LPG SORUMLU M\u00dcD\u00dcR H\u0130ZMET\u0130<\/strong><\/span><\/h3>\n<hr \/>\n<p><img loading=\"lazy\" decoding=\"async\" class=\"size-medium wp-image-998 aligncenter\" src=\"http:\/\/www.paksoyenerji.com\/wp-content\/uploads\/2017\/07\/lpg-logo-300x300.png\" alt=\"\" width=\"300\" height=\"300\" srcset=\"https:\/\/www.paksoyenerji.com\/wp-content\/uploads\/2017\/07\/lpg-logo-300x300.png 300w, https:\/\/www.paksoyenerji.com\/wp-content\/uploads\/2017\/07\/lpg-logo-150x150.png 150w, https:\/\/www.paksoyenerji.com\/wp-content\/uploads\/2017\/07\/lpg-logo.png 752w\" sizes=\"auto, (max-width: 300px) 100vw, 300px\" \/><\/p>\n<p><span style=\"color: #000000;\">Sorumlu m\u00fcd\u00fcr;<\/span> 16 Aral\u0131k 2012 tarih ve 28499 say\u0131l\u0131 Resmi Gazete\u2019de yay\u0131mlanan \u201cS\u0131v\u0131la\u015ft\u0131r\u0131lm\u0131\u015f Petrol Gazlar\u0131 (LPG) Piyasas\u0131 E\u011fitim ve Sorumlu M\u00fcd\u00fcr Y\u00f6netmeli\u011fi\u201dnin 15. Maddesinde y\u00fck\u00fcml\u00fcl\u00fckleri, 16. Maddesinde Hak ve Yetkileri, 17. Maddesinde sorumluluklar\u0131 belirtilen ki\u015fidir. Sorumlu m\u00fcd\u00fcrl\u00fck hizmeti, an\u0131lan Y\u00f6netmelikte belirtilen y\u00fck\u00fcml\u00fcl\u00fck ve sorumluluklar kapsam\u0131nda otogaz istasyonu i\u00e7in s\u00fcrekli ve kesintisiz bir hizmeti ifade eder.<\/p>\n<p>\u201cDolum tesisi ve otogaz istasyonununda sorumlu m\u00fcd\u00fcr \u00e7al\u0131\u015ft\u0131r\u0131lmas\u0131 zorunludur. Bir sorumlu m\u00fcd\u00fcr, bir dolum tesisinde veya\u00a0ayn\u0131 il s\u0131n\u0131rlar\u0131\u00a0i\u00e7erisinde en fazla\u00a03 (\u00fc\u00e7)\u00a0otogaz istasyonunda g\u00f6rev alabilir.\u201d<\/p>\n<p>Yine \u201cS\u0131v\u0131la\u015ft\u0131r\u0131lm\u0131\u015f Petrol Gazlar\u0131 (LPG) Piyasas\u0131 E\u011fitim ve Sorumlu M\u00fcd\u00fcr Y\u00f6netmeli\u011fi\u201d MADDE 8`e g\u00f6re; Sorumlu M\u00fcd\u00fcr ve LPG Yetkili Teknik Personel Sertifikas\u0131n\u0131n ge\u00e7erlilik s\u00fcresi be\u015f y\u0131ld\u0131r. Bu be\u015f y\u0131l i\u00e7inde toplam iki y\u0131l s\u00fcreyle fiilen g\u00f6revlerini ifa etmeyenlerin yeniden e\u011fitim almas\u0131 zorunludur.<\/p>\n<h6>&#8211; <em><span style=\"text-decoration: underline;\">Paksoy Enerji Ltd. \u015eti.<\/span> olarak LPG sorumlu m\u00fcd\u00fcrl\u00fck hizmeti verdi\u011fimiz tesislerin senelik zorunlu olan topraklama, paratoner ve katodik \u00f6l\u00e7\u00fcm hizmetlerini \u00a0<\/em><strong><span style=\"color: #ff0000;\">\u00dcCRETS\u0130Z<\/span><\/strong><em> vermekteyiz.<\/em><\/h6>\n","protected":false},"excerpt":{"rendered":"<p>LPG SORUMLU M\u00dcD\u00dcR H\u0130ZMET\u0130 Sorumlu m\u00fcd\u00fcr; 16 Aral\u0131k 2012 tarih ve 28499 say\u0131l\u0131 Resmi Gazete\u2019de yay\u0131mlanan \u201cS\u0131v\u0131la\u015ft\u0131r\u0131lm\u0131\u015f Petrol Gazlar\u0131 (LPG) Piyasas\u0131 &#8230;<\/p>\n","protected":false},"author":1,"featured_media":1205,"parent":17,"menu_order":0,"comment_status":"closed","ping_status":"closed","template":"","meta":{"footnotes":""},"class_list":["post-925","page","type-page","status-publish","has-post-thumbnail","hentry"],"aioseo_notices":[],"_links":{"self":[{"href":"https:\/\/www.paksoyenerji.com\/index.php\/wp-json\/wp\/v2\/pages\/925","targetHints":{"allow":["GET"]}}],"collection":[{"href":"https:\/\/www.paksoyenerji.com\/index.php\/wp-json\/wp\/v2\/pages"}],"about":[{"href":"https:\/\/www.paksoyenerji.com\/index.php\/wp-json\/wp\/v2\/types\/page"}],"author":[{"embeddable":true,"href":"https:\/\/www.paksoyenerji.com\/index.php\/wp-json\/wp\/v2\/users\/1"}],"replies":[{"embeddable":true,"href":"https:\/\/www.paksoyenerji.com\/index.php\/wp-json\/wp\/v2\/comments?post=925"}],"version-history":[{"count":12,"href":"https:\/\/www.paksoyenerji.com\/index.php\/wp-json\/wp\/v2\/pages\/925\/revisions"}],"predecessor-version":[{"id":1131,"href":"https:\/\/www.paksoyenerji.com\/index.php\/wp-json\/wp\/v2\/pages\/925\/revisions\/1131"}],"up":[{"embeddable":true,"href":"https:\/\/www.paksoyenerji.com\/index.php\/wp-json\/wp\/v2\/pages\/17"}],"wp:featuredmedia":[{"embeddable":true,"href":"https:\/\/www.paksoyenerji.com\/index.php\/wp-json\/wp\/v2\/media\/1205"}],"wp:attachment":[{"href":"https:\/\/www.paksoyenerji.com\/index.php\/wp-json\/wp\/v2\/media?parent=925"}],"curies":[{"name":"wp","href":"https:\/\/api.w.org\/{rel}","templated":true}]}}