{"id":922,"date":"2017-07-15T10:45:25","date_gmt":"2017-07-15T07:45:25","guid":{"rendered":"http:\/\/www.paksoyenerji.com\/?page_id=922"},"modified":"2017-12-13T22:57:27","modified_gmt":"2017-12-13T19:57:27","slug":"topraklama-ve-katodik-koruma-olcumu","status":"publish","type":"page","link":"https:\/\/www.paksoyenerji.com\/index.php\/faaliyetlerimiz\/topraklama-ve-katodik-koruma-olcumu\/","title":{"rendered":"Topraklama ve Katodik Koruma \u00d6l\u00e7\u00fcm\u00fc"},"content":{"rendered":"<h3><strong><span style=\"color: #ffcc00;\">TOPRAKLAMA NED\u0130R?<\/span><\/strong><\/h3>\n<hr \/>\n<p>Topraklama, elektrik ile \u00e7al\u0131\u015fan cihazlar\u0131n olas\u0131 bir elektrik ka\u00e7a\u011f\u0131 tehlikesine kar\u015f\u0131 al\u0131nan hayati bir \u00f6nlemdir. Ka\u00e7ak elektri\u011fin bir iletkenle topra\u011fa verilmesini sa\u011flayan basit bir sistemdir. \u0130nsan hayat\u0131n\u0131 ve cihazlar\u0131n kullan\u0131m \u00f6mr\u00fcn\u00fc riske atmamak i\u00e7in elektrik ka\u00e7a\u011f\u0131 riskine kar\u015f\u0131 topraklama kesinlikle yap\u0131lmal\u0131d\u0131r. B\u00f6ylece cihazda olu\u015fabilecek elektrik ka\u00e7a\u011f\u0131 varsa, dokundu\u011fumuzda elektrik ak\u0131m\u0131 bizim \u00fczerimizden de\u011fil, direnci daha az olan toprak hatt\u0131 \u00fczerinden ge\u00e7er ve \u00e7arp\u0131lma tehlikesi ortadan kalkm\u0131\u015f olur.<\/p>\n<p><img loading=\"lazy\" decoding=\"async\" class=\"wp-image-989 aligncenter\" src=\"http:\/\/www.paksoyenerji.com\/wp-content\/uploads\/2017\/07\/topraklama_olcum_raporu_kimler_verir-300x153.jpg\" alt=\"\" width=\"523\" height=\"267\" srcset=\"https:\/\/www.paksoyenerji.com\/wp-content\/uploads\/2017\/07\/topraklama_olcum_raporu_kimler_verir-300x153.jpg 300w, https:\/\/www.paksoyenerji.com\/wp-content\/uploads\/2017\/07\/topraklama_olcum_raporu_kimler_verir.jpg 722w\" sizes=\"auto, (max-width: 523px) 100vw, 523px\" \/><\/p>\n<p>&nbsp;<\/p>\n<h3><strong><span style=\"color: #ffcc00;\">KATOD\u0130K KORUMA NED\u0130R ?<\/span><\/strong><\/h3>\n<hr \/>\n<p><strong>Katodik koruma<\/strong>\u00a0olarak tabir edilen asl\u0131nda bir t\u00fcr metal koruma y\u00f6ntemidir. Metallerin \u00e7o\u011fu su veya hava ile temas etti\u011finde zaman i\u00e7inde korozyona u\u011frar. Olu\u015fan korozyon metali zamanla \u00e7\u00fcr\u00fcterek kullan\u0131m d\u0131\u015f\u0131 kalmas\u0131na sebebiyet\u00a0verebilir. Bu durum pek \u00e7ok farkl\u0131 alanda esas\u0131nda b\u00fcy\u00fck bir risk ve ayn\u0131 zamanda maliyet anlam\u0131na da gelmektedir.<\/p>\n<p>Suyun i\u00e7inde veya topra\u011f\u0131n alt\u0131nda kalan metal borular\u0131n korozyona u\u011framamas\u0131 i\u00e7in ge\u00e7mi\u015ften g\u00fcn\u00fcm\u00fcze pek \u00e7ok koruma y\u00f6ntemi geli\u015ftirilmi\u015ftir. Bu y\u00f6ntemlerden biri olan galvanik usul kodik koruma, korozyonu \u00f6nlemek amac\u0131yla borular\u0131n yan\u0131na, onlarla temas edecek \u015fekilde daha aktif bir metalin yerle\u015ftirilmesi prensibine dayan\u0131r.\u00a0Katodik koruman\u0131n\u00a0uyguland\u0131\u011f\u0131 bir\u00e7ok farkl\u0131 uygulama alan\u0131 vard\u0131r ancak en \u00e7ok kullan\u0131lan alan, petrol sondaj kuleleridir.<\/p>\n<p>Katodik koruman\u0131n en \u00e7ok uyguland\u0131\u011f\u0131 bir di\u011fer alan ise gemilerin y\u00fczeylerinin paslanmas\u0131n\u0131 \u00f6nlemek amac\u0131yla kullan\u0131ld\u0131\u011f\u0131d\u0131r. Katodik koruma, korunacak metal yap\u0131y\u0131 olu\u015fturulacak bir elektrokimyasal h\u00fccrenin katodu haline getirerek metal y\u00fczeyinde y\u00fcr\u00fcmekte olan anodik reaksiyonlar\u0131n durdurulmas\u0131 mant\u0131\u011f\u0131na dayan\u0131r.<\/p>\n<p>Katodik koruma\u00a0yap\u0131lmas\u0131n\u0131n amac\u0131, korunacak olan metalin potansiyelini anodun a\u00e7\u0131k devre potansiyeline kadar polarize etmektir. Bunu sa\u011flamak i\u00e7in ise metal y\u00fczeye\u00a0<strong>katodik<\/strong>\u00a0y\u00f6nde bir d\u0131\u015f ak\u0131m uygulanmaktad\u0131r.<\/p>\n<h3><strong><span style=\"color: #ffcc00;\">NEDEN TOPRAKLAMA GEREKL\u0130?<\/span><\/strong><\/h3>\n<p>Topraklama sistemi, panolar\u0131n, cihazlar\u0131n ve makinalar\u0131n belirlenen noktalar\u0131 ile toprak elektrodu aras\u0131nda iletken bir ba\u011flant\u0131 kurmak olarak tan\u0131mlanabilir. Bu Toprak elektrodu iletken bir par\u00e7a olarak topra\u011fa g\u00fcm\u00fcl\u00fcr ve toprak ile elektriksel bir ba\u011flant\u0131 ger\u00e7ekle\u015ftirir. Topraklama, cihazlar ile toprak aras\u0131nda iletken bir ba\u011flant\u0131 kurarak, cihazlarda meydana gelebilecek yal\u0131t\u0131m ar\u0131zalar\u0131 gibi nedenlerde cihaz g\u00f6vdesinin toprakla irtibatlanmas\u0131d\u0131r. Bu \u015fekilde insanlar i\u00e7in herhangi bir problem ortaya \u00e7\u0131kmaz zira hata ak\u0131m\u0131 topra\u011fa do\u011fru akacakt\u0131r. E\u011fer herhangi bir topraklama mevcut de\u011fil ise, bu cihaza dokunan insan \u00fczerinden hata ak\u0131mlar\u0131 akaca\u011f\u0131ndan, bu ak\u0131m\u0131n seviyesine ba\u011fl\u0131 olarak \u00f6l\u00fcm olaylar\u0131 meydana gelebilir. Bu nedenle topraklama sayesinde, ka\u00e7ak ak\u0131mlar g\u00fcvenli bir \u015fekilde topra\u011fa y\u00f6nelir ve e\u011fer otomatik bir a\u00e7ma sistemi ile irtibatlan\u0131r ise, elektrik sistemi g\u00fcvenli bir \u015fekilde kesilir. Bu nedenle do\u011fru bir topraklama insanlar\u0131n hayat\u0131n\u0131 koruma anlam\u0131nda \u00f6nemli oldu\u011fu gibi, cihazlar\u0131n ve yat\u0131r\u0131mlar\u0131n korunmas\u0131 anlam\u0131nda hayati \u00f6nem ta\u015f\u0131r.<\/p>\n<h3><span style=\"color: #ffcc00;\"><strong>Topraklama \u00f6l\u00e7\u00fcm\u00fc neden yap\u0131l\u0131r?<\/strong><\/span><\/h3>\n<p>Toprak i\u00e7erisindeki kaz\u0131klar ve topraklama yap\u0131lmas\u0131na yard\u0131mc\u0131 olan iletkenler zaman i\u00e7erisinde a\u015f\u0131nm\u0131\u015f, kopmu\u015f ve oksitlenmi\u015f olabilece\u011finden y\u0131ll\u0131k yap\u0131lan periyodik \u00f6l\u00e7\u00fcmler le topraklama sistemi kontrol alt\u0131nda tutulmaktad\u0131r. Toprak S\u0131n\u0131r de\u011ferlere yakla\u015ft\u0131\u011f\u0131nda ve \u00fczerine \u00e7\u0131kt\u0131\u011f\u0131nda topraklama ilaveleri yap\u0131larak \u00e7e\u015fitli \u00e7\u00f6z\u00fcmler \u00fcretilir ve hem cihazlar hem de insan sa\u011fl\u0131\u011f\u0131 korunmu\u015f olur.<\/p>\n<h3><strong><span style=\"color: #ffcc00;\">Topraklama \u00d6l\u00e7\u00fcm\u00fc Zorunlu mu?<\/span><\/strong><\/h3>\n<p>Topraklama kanuni bir zorunluluktur, hayati tehlikesi oldu\u011fu i\u00e7in bir l\u00fcks de\u011fil y\u00fck\u00fcml\u00fcl\u00fckt\u00fcr. Enerji ve Tabii Kaynaklar Bakanl\u0131\u011f\u0131 taraf\u0131ndan 21.08.1984 tarih ve 18565 say\u0131l\u0131 Resmi gazetede yay\u0131nlanarak y\u00fcr\u00fcrl\u00fc\u011fe giren Elektrik \u0130\u00e7Tesisleri Y\u00f6netmeli\u011finin 44.maddesinde \u2018\u2019Topraklay\u0131c\u0131lara ve Topraklama Tesislerine dair genel h\u00fck\u00fcmler\u2019\u2019 ve 45. Maddesinde \u2018\u2019Gerilimli B\u00f6l\u00fcmlere dolayl\u0131 olarak dokunmaya kar\u015f\u0131 koruma d\u00fczenlerinin denetlenmesi\u2019\u2019 maddeleri 25.04.2013 tarih ve 28608 say\u0131l\u0131 Resmi Gazetede yay\u0131nlanarak y\u00fcr\u00fcrl\u00fc\u011fe giren \u2018\u2019\u0130\u015f ekipmanlar\u0131n\u0131n kullan\u0131m\u0131nda sa\u011fl\u0131k ve g\u00fcvenlik \u015fartlar\u0131 y\u00f6netmeli\u011fi\u2019\u2019 ile \u2018\u2019Topraklama, Y\u0131ld\u0131r\u0131mdan korunma ve Elektrik Tesisat\u0131n\u0131n y\u0131lda bir defa periyodik kontrol\u00fc zorunlu hale getirilmi\u015ftir.\u2019\u2019 maddeleri kapsam\u0131nda topraklama \u00f6l\u00e7\u00fcm\u00fc ve raporlanmas\u0131 en az y\u0131lda bir kez yap\u0131lmak \u00fczere zorunlu hale getirlimi\u015ftir.<\/p>\n","protected":false},"excerpt":{"rendered":"<p>TOPRAKLAMA NED\u0130R? Topraklama, elektrik ile \u00e7al\u0131\u015fan cihazlar\u0131n olas\u0131 bir elektrik ka\u00e7a\u011f\u0131 tehlikesine kar\u015f\u0131 al\u0131nan hayati bir \u00f6nlemdir. Ka\u00e7ak elektri\u011fin bir iletkenle &#8230;<\/p>\n","protected":false},"author":1,"featured_media":1204,"parent":17,"menu_order":0,"comment_status":"closed","ping_status":"closed","template":"","meta":{"footnotes":""},"class_list":["post-922","page","type-page","status-publish","has-post-thumbnail","hentry"],"aioseo_notices":[],"_links":{"self":[{"href":"https:\/\/www.paksoyenerji.com\/index.php\/wp-json\/wp\/v2\/pages\/922","targetHints":{"allow":["GET"]}}],"collection":[{"href":"https:\/\/www.paksoyenerji.com\/index.php\/wp-json\/wp\/v2\/pages"}],"about":[{"href":"https:\/\/www.paksoyenerji.com\/index.php\/wp-json\/wp\/v2\/types\/page"}],"author":[{"embeddable":true,"href":"https:\/\/www.paksoyenerji.com\/index.php\/wp-json\/wp\/v2\/users\/1"}],"replies":[{"embeddable":true,"href":"https:\/\/www.paksoyenerji.com\/index.php\/wp-json\/wp\/v2\/comments?post=922"}],"version-history":[{"count":10,"href":"https:\/\/www.paksoyenerji.com\/index.php\/wp-json\/wp\/v2\/pages\/922\/revisions"}],"predecessor-version":[{"id":1124,"href":"https:\/\/www.paksoyenerji.com\/index.php\/wp-json\/wp\/v2\/pages\/922\/revisions\/1124"}],"up":[{"embeddable":true,"href":"https:\/\/www.paksoyenerji.com\/index.php\/wp-json\/wp\/v2\/pages\/17"}],"wp:featuredmedia":[{"embeddable":true,"href":"https:\/\/www.paksoyenerji.com\/index.php\/wp-json\/wp\/v2\/media\/1204"}],"wp:attachment":[{"href":"https:\/\/www.paksoyenerji.com\/index.php\/wp-json\/wp\/v2\/media?parent=922"}],"curies":[{"name":"wp","href":"https:\/\/api.w.org\/{rel}","templated":true}]}}