{"id":918,"date":"2017-07-15T10:43:07","date_gmt":"2017-07-15T07:43:07","guid":{"rendered":"http:\/\/www.paksoyenerji.com\/?page_id=918"},"modified":"2021-08-10T15:15:30","modified_gmt":"2021-08-10T12:15:30","slug":"enerji-kimlik-belgesi","status":"publish","type":"page","link":"https:\/\/www.paksoyenerji.com\/index.php\/faaliyetlerimiz\/enerji-kimlik-belgesi\/","title":{"rendered":"Enerji Kimlik Belgesi"},"content":{"rendered":"<h3><span style=\"color: #ffcc00;\"><strong>B\u0130NALARDA ENERJ\u0130 K\u0130ML\u0130K BELGES\u0130 (EKB) NED\u0130R?<\/strong><\/span><\/h3>\n<hr \/>\n<p><img loading=\"lazy\" decoding=\"async\" class=\" wp-image-986 aligncenter\" src=\"http:\/\/www.paksoyenerji.com\/wp-content\/uploads\/2017\/07\/haberler158216-300x198.jpg\" alt=\"\" width=\"458\" height=\"302\" srcset=\"https:\/\/www.paksoyenerji.com\/wp-content\/uploads\/2017\/07\/haberler158216-300x198.jpg 300w, https:\/\/www.paksoyenerji.com\/wp-content\/uploads\/2017\/07\/haberler158216.jpg 768w\" sizes=\"auto, (max-width: 458px) 100vw, 458px\" \/><\/p>\n<p>\u201c5627 Say\u0131l\u0131Enerji Verimlili\u011fi Kanunu\u201d ve buna ba\u011fl\u0131 olarak \u00e7\u0131kart\u0131lan \u201cBinalarda Enerji Performans\u0131 Y\u00f6netmeli\u011fi\u201d ne g\u00f6re, binalarda enerjinin ve enerji kaynaklar\u0131n\u0131n etkin ve verimli kullan\u0131lmas\u0131na, enerji israf\u0131n\u0131n \u00f6nlenmesine ve \u00e7evrenin korunmas\u0131n\u0131 sa\u011flamak i\u00e7in, asgari olarak binan\u0131n enerji ihtiyac\u0131 ve enerji t\u00fcketim s\u0131n\u0131fland\u0131rmas\u0131, yal\u0131t\u0131m \u00f6zellikleri ve \u0131s\u0131tma ve\/veya so\u011futma sistemlerinin verimi ile ilgili bilgileri i\u00e7eren belgedir.<\/p>\n<p>&#8211; Enerji Kimlik Belgesi d\u00fczenleme tarihinden itibaren 10 y\u0131l s\u00fcre ile ge\u00e7erlidir.<\/p>\n<p>&#8211; Enerji Kimlik Belgesi, enerji kimlik belgesi vermeye yetkili kurulu\u015f taraf\u0131ndan -haz\u0131rlan\u0131r ve ilgili idarece onaylan\u0131r.<\/p>\n<p>&#8211; Bu belge, yeni binalar i\u00e7in yap\u0131 kullanma izin belgesinin ayr\u0131lmaz bir par\u00e7as\u0131d\u0131r.<\/p>\n<p>&#8211; Enerji Kimlik Belgesinin bir n\u00fcshas\u0131 bina sahibi, y\u00f6neticisi, y\u00f6netim kurulu ve\/veya enerji y\u00f6neticisince muhafaza edilir, bir n\u00fcshas\u0131 da bina giri\u015finde rahatl\u0131kla g\u00f6r\u00fclebilecek bir yerde as\u0131l\u0131 bulundurulur.<\/p>\n<p>&#8211; Enerji Kimlik Belgesi, binan\u0131n y\u0131ll\u0131k birincil enerji ihtiyac\u0131n\u0131n de\u011fi\u015fmesine y\u00f6nelik herhangi bir uygulama yap\u0131lmas\u0131 halinde, bu Y\u00f6netmeli\u011fe uygun olacak \u015fekilde bir y\u0131l i\u00e7inde yenilenir.<\/p>\n<p>&#8211; Enerji Kimlik Belgesinin, binan\u0131n tamam\u0131 i\u00e7in haz\u0131rlanmas\u0131 \u015fartt\u0131r.<\/p>\n<p>&#8211; Ayr\u0131ca, iste\u011fe ba\u011fl\u0131 olarak, kat m\u00fclkiyetini haiz her bir ba\u011f\u0131ms\u0131z b\u00f6l\u00fcm veya farkl\u0131 kullan\u0131m alanlar\u0131 i\u00e7in ayr\u0131 ayr\u0131 d\u00fczenlenebilir.<\/p>\n<p>&#8211; Enerji kimlik belgelerinin d\u00fczenlenmesinden, yetkili kurulu\u015fun ilgili personeli ve yetkili kurulu\u015f ad\u0131na kurulu\u015fun sahibi veya y\u00f6neticisi m\u00fcteselsilen sorumludur.<\/p>\n<p>&#8211; Binalar veya ba\u011f\u0131ms\u0131z b\u00f6l\u00fcmlere ili\u015fkin al\u0131m, sat\u0131m ve kiraya verme ile ilgili i\u015f ve i\u015flemlerde enerji kimlik belgesi d\u00fczenlenmi\u015f olmas\u0131 \u015fart\u0131 aran\u0131r. Binan\u0131n veya ba\u011f\u0131ms\u0131z b\u00f6l\u00fcm\u00fcn sat\u0131lmas\u0131 veya kiraya verilmesi safhas\u0131nda, mal sahibi enerji kimlik belgesinin bir suretini al\u0131c\u0131ya veya kirac\u0131ya verir.<\/p>\n<p>&#8211; Al\u0131m, sat\u0131m, kiralama gibi i\u015flemlerde tercih sebebidir.<\/p>\n<p>&#8211; Enerji yat\u0131r\u0131mlar\u0131n\u0131n do\u011fru yere yap\u0131lmas\u0131n\u0131 sa\u011flar.<\/p>\n<p>&#8211; \u00d6n\u00fcm\u00fczdeki d\u00f6nemde devlet taraf\u0131ndan uygulanacak Enerji Verimlili\u011fi Te\u015fviklerinden yararlanabilmeyi m\u00fcmk\u00fcn k\u0131lar.<\/p>\n<h5><span style=\"text-decoration: underline;\">PAKSOY ENERJ\u0130 LTD. \u015eT\u0130<\/span>. olarak yeni tasarlanm\u0131\u015f binalar\u0131n\u0131za Enerji Kimlik Belgesi haz\u0131rlamaktay\u0131z.<\/h5>\n","protected":false},"excerpt":{"rendered":"<p>B\u0130NALARDA ENERJ\u0130 K\u0130ML\u0130K BELGES\u0130 (EKB) NED\u0130R? \u201c5627 Say\u0131l\u0131Enerji Verimlili\u011fi Kanunu\u201d ve buna ba\u011fl\u0131 olarak \u00e7\u0131kart\u0131lan \u201cBinalarda Enerji Performans\u0131 Y\u00f6netmeli\u011fi\u201d ne g\u00f6re, &#8230;<\/p>\n","protected":false},"author":1,"featured_media":1203,"parent":17,"menu_order":0,"comment_status":"closed","ping_status":"closed","template":"","meta":{"footnotes":""},"class_list":["post-918","page","type-page","status-publish","has-post-thumbnail","hentry"],"aioseo_notices":[],"_links":{"self":[{"href":"https:\/\/www.paksoyenerji.com\/index.php\/wp-json\/wp\/v2\/pages\/918","targetHints":{"allow":["GET"]}}],"collection":[{"href":"https:\/\/www.paksoyenerji.com\/index.php\/wp-json\/wp\/v2\/pages"}],"about":[{"href":"https:\/\/www.paksoyenerji.com\/index.php\/wp-json\/wp\/v2\/types\/page"}],"author":[{"embeddable":true,"href":"https:\/\/www.paksoyenerji.com\/index.php\/wp-json\/wp\/v2\/users\/1"}],"replies":[{"embeddable":true,"href":"https:\/\/www.paksoyenerji.com\/index.php\/wp-json\/wp\/v2\/comments?post=918"}],"version-history":[{"count":11,"href":"https:\/\/www.paksoyenerji.com\/index.php\/wp-json\/wp\/v2\/pages\/918\/revisions"}],"predecessor-version":[{"id":1134,"href":"https:\/\/www.paksoyenerji.com\/index.php\/wp-json\/wp\/v2\/pages\/918\/revisions\/1134"}],"up":[{"embeddable":true,"href":"https:\/\/www.paksoyenerji.com\/index.php\/wp-json\/wp\/v2\/pages\/17"}],"wp:featuredmedia":[{"embeddable":true,"href":"https:\/\/www.paksoyenerji.com\/index.php\/wp-json\/wp\/v2\/media\/1203"}],"wp:attachment":[{"href":"https:\/\/www.paksoyenerji.com\/index.php\/wp-json\/wp\/v2\/media?parent=918"}],"curies":[{"name":"wp","href":"https:\/\/api.w.org\/{rel}","templated":true}]}}