{"id":913,"date":"2017-07-15T10:38:15","date_gmt":"2017-07-15T07:38:15","guid":{"rendered":"http:\/\/www.paksoyenerji.com\/?page_id=913"},"modified":"2017-12-13T23:02:16","modified_gmt":"2017-12-13T20:02:16","slug":"yuksek-gerilim-isletme-sorumlulugu-hizmeti-trafo-bakim-musavirligi","status":"publish","type":"page","link":"https:\/\/www.paksoyenerji.com\/index.php\/faaliyetlerimiz\/yuksek-gerilim-isletme-sorumlulugu-hizmeti-trafo-bakim-musavirligi\/","title":{"rendered":"Y\u00fcksek Gerilim \u0130\u015fletme Sorumlulu\u011fu"},"content":{"rendered":"<h3><strong><span style=\"color: #ffcc00;\">Y\u00dcKSEK GER\u0130L\u0130M \u0130\u015eLETME SORUMLULU\u011eU H\u0130ZMET\u0130<\/span><\/strong><\/h3>\n<h3><strong><span style=\"color: #ffcc00;\">(Trafo Bak\u0131m M\u00fc\u015favirli\u011fi)<\/span><\/strong><\/h3>\n<hr \/>\n<p>Y\u00fcksek Gerilim \u0130\u015fletme Sorumlulu\u011fu Nedir? Zorunlu mudur?<\/p>\n<p>Elektrik Y\u00fcksek Gerilim Tesisleri\u2019nde can ve mal g\u00fcvenli\u011finin sa\u011flanmas\u0131, ekonomik kay\u0131plar\u0131n \u00f6nlenmesi i\u00e7in gerekli i\u015fletme hizmetlerinin y\u00fcr\u00fct\u00fclmesini \u00fcstlenen yetkili ki\u015filere &#8220;Y\u00fcksek Gerilim \u0130\u015fletme Sorumlusu&#8221;\u00a0denir.<\/p>\n<p>Y\u00fcksek gerilim i\u015fletme sorumlulu\u011funu \u00fcstlenecek m\u00fchendislerin, E.M.O. taraf\u0131ndan verilen\u00a0\u2018\u2019Elektrik Y\u00fcksek Gerilim Tesisleri \u0130\u015fletme Sorumlulu\u011fu\u2019\u2019 ve\u00a0S.M.M.\u00a0belgesine sahip olmalar\u0131 gerekmektedir.<\/p>\n<p><img loading=\"lazy\" decoding=\"async\" class=\"aligncenter wp-image-914 size-full\" src=\"http:\/\/www.paksoyenerji.com\/wp-content\/uploads\/2017\/07\/1.jpg\" alt=\"\" width=\"708\" height=\"460\" srcset=\"https:\/\/www.paksoyenerji.com\/wp-content\/uploads\/2017\/07\/1.jpg 708w, https:\/\/www.paksoyenerji.com\/wp-content\/uploads\/2017\/07\/1-300x195.jpg 300w\" sizes=\"auto, (max-width: 708px) 100vw, 708px\" \/><\/p>\n<p>&nbsp;<\/p>\n<p>Y\u00fcksek Gerilim \u0130\u015fletme Sorumlulu\u011fu Nas\u0131l Yap\u0131l\u0131r?<\/p>\n<p>\u25ba\u00a0\u0130\u015fletme sorumlusu, g\u00f6revi \u00fcstlenmesini takiben mevcut y\u00fcksek gerilim tesislerini denetler, tesislerin hali haz\u0131r durumda i\u015fletme y\u00f6n\u00fcnden kusur ve eksiklerinin bulunup bulunmad\u0131\u011f\u0131n\u0131 belirler ve durumu i\u015fletme sahibine rapor eder.<\/p>\n<p>\u25ba\u00a0Y\u00fcksek gerilim tesislerinin tek hat \u015femas\u0131n\u0131 haz\u0131rlayarak y\u00fcksek gerilim h\u00fccrelerinin yer ald\u0131\u011f\u0131 b\u00f6l\u00fcme as\u0131lmas\u0131n\u0131 sa\u011flar.<\/p>\n<p>\u25ba\u00a0\u0130\u015fletmelerde gereken manevralar, i\u015fletme sorumlusu taraf\u0131ndan yap\u0131l\u0131r ya da kendi g\u00f6zetimi alt\u0131nda ve sorumlulu\u011fu kendisine ait olmak \u00fczere yetkili bir i\u015fletme personeli taraf\u0131ndan yap\u0131labilir.<\/p>\n<p>\u25ba\u00a0\u0130\u015fletme s\u0131ras\u0131nda ortaya \u00e7\u0131kacak ar\u0131za a\u00e7malar\u0131nda, a\u00e7man\u0131n de\u011ferlendirilerek gereken manevran\u0131n yap\u0131lmas\u0131 i\u015fletme sorumlusunun talimat\u0131yla ger\u00e7ekle\u015ftirilir.<\/p>\n<p>\u25ba\u00a0\u0130\u015fletmeye ili\u015fkin topraklama testlerini, i\u015fletmenin \u00e7al\u0131\u015fma ko\u015fullar\u0131na ve\u00a0Elektrik Tesisleri\u2019nde Topraklamalar Y\u00f6netmeli\u011fi\u2019ne g\u00f6re d\u00fczenli aral\u0131klarla veya gerektik\u00e7e yapt\u0131r\u0131lmas\u0131ndan sorumludur.<\/p>\n<p>YASAL DAYANAKLAR<\/p>\n<p><img loading=\"lazy\" decoding=\"async\" class=\"alignnone wp-image-915 size-full\" src=\"http:\/\/www.paksoyenerji.com\/wp-content\/uploads\/2017\/07\/3.jpg\" alt=\"\" width=\"562\" height=\"104\" srcset=\"https:\/\/www.paksoyenerji.com\/wp-content\/uploads\/2017\/07\/3.jpg 562w, https:\/\/www.paksoyenerji.com\/wp-content\/uploads\/2017\/07\/3-300x56.jpg 300w\" sizes=\"auto, (max-width: 562px) 100vw, 562px\" \/><\/p>\n<p><a href=\"http:\/\/www.emo.org.tr\/mevzuat\/mevzuat_detay.php?kod=37\">EMO Elektrik Y\u00fcksek Gerilim Tesisleri \u0130\u015fletme Sorumlulu\u011fu Y\u00f6netmeli\u011fi&#8217;ne ula\u015fmak i\u00e7in t\u0131klay\u0131n\u0131z.<\/a><\/p>\n<p>http:\/\/www.emo.org.tr\/mevzuat\/mevzuat_detay.php?kod=37<\/p>\n<p>\u25ba\u00a01 kV&#8217;un \u00fcst\u00fcndeki y\u00fcksek gerilim tesislerinin i\u015fletme sorumlulu\u011funu \u00fcstlenen elektrik m\u00fchendislerinin yetki ve y\u00fck\u00fcml\u00fcl\u00fckleri, Enerji ve Tabii Kaynaklar Bakanl\u0131\u011f\u0131\u2019nca y\u00fcr\u00fcrl\u00fc\u011fe konulan 30.11.2000 tarihli ve 24246 say\u0131l\u0131 Resm\u00ee Gazete\u2018de yay\u0131mlanan\u00a0Elektrik Kuvvetli Ak\u0131m Tesisleri Y\u00f6netmeli\u011fi\u2019nde\u00a0belirtilmi\u015ftir.<\/p>\n<h5><em><span style=\"text-decoration: underline;\">Paksoy Enerji Ltd. \u015eti.<\/span> olarak Y\u00fcksek Gerilim \u0130\u015fletme Sorumlulu\u011fu hizmeti verdi\u011fimiz tesislerin senelik zorunlu olan topraklama, paratoner \u00f6l\u00e7\u00fcm hizmetlerini<\/em><strong><span style=\"color: #ff0000;\">\u00a0 \u00dcCRETS\u0130Z <\/span><\/strong><em>vermekteyiz.<\/em><\/h5>\n","protected":false},"excerpt":{"rendered":"<p>Y\u00dcKSEK GER\u0130L\u0130M \u0130\u015eLETME SORUMLULU\u011eU H\u0130ZMET\u0130 (Trafo Bak\u0131m M\u00fc\u015favirli\u011fi) Y\u00fcksek Gerilim \u0130\u015fletme Sorumlulu\u011fu Nedir? Zorunlu mudur? Elektrik Y\u00fcksek Gerilim Tesisleri\u2019nde can ve &#8230;<\/p>\n","protected":false},"author":1,"featured_media":1202,"parent":17,"menu_order":0,"comment_status":"closed","ping_status":"closed","template":"","meta":{"footnotes":""},"class_list":["post-913","page","type-page","status-publish","has-post-thumbnail","hentry"],"aioseo_notices":[],"_links":{"self":[{"href":"https:\/\/www.paksoyenerji.com\/index.php\/wp-json\/wp\/v2\/pages\/913","targetHints":{"allow":["GET"]}}],"collection":[{"href":"https:\/\/www.paksoyenerji.com\/index.php\/wp-json\/wp\/v2\/pages"}],"about":[{"href":"https:\/\/www.paksoyenerji.com\/index.php\/wp-json\/wp\/v2\/types\/page"}],"author":[{"embeddable":true,"href":"https:\/\/www.paksoyenerji.com\/index.php\/wp-json\/wp\/v2\/users\/1"}],"replies":[{"embeddable":true,"href":"https:\/\/www.paksoyenerji.com\/index.php\/wp-json\/wp\/v2\/comments?post=913"}],"version-history":[{"count":11,"href":"https:\/\/www.paksoyenerji.com\/index.php\/wp-json\/wp\/v2\/pages\/913\/revisions"}],"predecessor-version":[{"id":1128,"href":"https:\/\/www.paksoyenerji.com\/index.php\/wp-json\/wp\/v2\/pages\/913\/revisions\/1128"}],"up":[{"embeddable":true,"href":"https:\/\/www.paksoyenerji.com\/index.php\/wp-json\/wp\/v2\/pages\/17"}],"wp:featuredmedia":[{"embeddable":true,"href":"https:\/\/www.paksoyenerji.com\/index.php\/wp-json\/wp\/v2\/media\/1202"}],"wp:attachment":[{"href":"https:\/\/www.paksoyenerji.com\/index.php\/wp-json\/wp\/v2\/media?parent=913"}],"curies":[{"name":"wp","href":"https:\/\/api.w.org\/{rel}","templated":true}]}}