{"id":904,"date":"2017-07-15T10:14:26","date_gmt":"2017-07-15T07:14:26","guid":{"rendered":"http:\/\/www.paksoyenerji.com\/?page_id=904"},"modified":"2017-09-18T21:28:12","modified_gmt":"2017-09-18T18:28:12","slug":"yetki-belgelerimiz","status":"publish","type":"page","link":"https:\/\/www.paksoyenerji.com\/index.php\/yetki-belgelerimiz\/","title":{"rendered":"Yetki Belgelerimiz"},"content":{"rendered":"<div class=\"wpb-content-wrapper\"><p>[vc_row][vc_column width=&#8221;1\/4&#8243;][vc_single_image image=&#8221;1061&#8243; img_size=&#8221;medium&#8221; alignment=&#8221;center&#8221; title=&#8221;YG Tesislerinde \u0130\u015fletme Sorumlulu\u011fu Belgesi&#8221;][\/vc_column][vc_column width=&#8221;1\/4&#8243;][vc_single_image image=&#8221;1063&#8243; img_size=&#8221;medium&#8221; alignment=&#8221;center&#8221; title=&#8221;1kV \u00dcst\u00fc ve 1kV Alt\u0131 Tesisler Belgesi&#8221;][\/vc_column][vc_column width=&#8221;1\/4&#8243;][vc_single_image image=&#8221;1065&#8243; img_size=&#8221;medium&#8221; alignment=&#8221;center&#8221; title=&#8221;Topraklama Yetkilendirme Belgesi&#8221;][\/vc_column][vc_column width=&#8221;1\/4&#8243;][vc_single_image image=&#8221;1064&#8243; img_size=&#8221;medium&#8221; alignment=&#8221;center&#8221; title=&#8221;LPG \u0130\u015fletme Sorumlu M\u00fcd\u00fcr Belgesi&#8221;][\/vc_column][\/vc_row][vc_row][vc_column][vc_single_image image=&#8221;1066&#8243; img_size=&#8221;medium&#8221; alignment=&#8221;center&#8221; title=&#8221;\u0130\u015f G\u00fcvenli\u011fi Uzmanl\u0131\u011f\u0131 Belgesi&#8221;][\/vc_column][\/vc_row]<\/p>\n<\/div>","protected":false},"excerpt":{"rendered":"<p>[vc_row][vc_column width=&#8221;1\/4&#8243;][vc_single_image image=&#8221;1061&#8243; img_size=&#8221;medium&#8221; alignment=&#8221;center&#8221; title=&#8221;YG Tesislerinde \u0130\u015fletme Sorumlulu\u011fu Belgesi&#8221;][\/vc_column][vc_column width=&#8221;1\/4&#8243;][vc_single_image image=&#8221;1063&#8243; img_size=&#8221;medium&#8221; alignment=&#8221;center&#8221; title=&#8221;1kV \u00dcst\u00fc ve 1kV Alt\u0131 Tesisler Belgesi&#8221;][\/vc_column][vc_column &#8230;<\/p>\n","protected":false},"author":1,"featured_media":0,"parent":0,"menu_order":0,"comment_status":"closed","ping_status":"open","template":"","meta":{"footnotes":""},"class_list":["post-904","page","type-page","status-publish","hentry"],"aioseo_notices":[],"_links":{"self":[{"href":"https:\/\/www.paksoyenerji.com\/index.php\/wp-json\/wp\/v2\/pages\/904","targetHints":{"allow":["GET"]}}],"collection":[{"href":"https:\/\/www.paksoyenerji.com\/index.php\/wp-json\/wp\/v2\/pages"}],"about":[{"href":"https:\/\/www.paksoyenerji.com\/index.php\/wp-json\/wp\/v2\/types\/page"}],"author":[{"embeddable":true,"href":"https:\/\/www.paksoyenerji.com\/index.php\/wp-json\/wp\/v2\/users\/1"}],"replies":[{"embeddable":true,"href":"https:\/\/www.paksoyenerji.com\/index.php\/wp-json\/wp\/v2\/comments?post=904"}],"version-history":[{"count":9,"href":"https:\/\/www.paksoyenerji.com\/index.php\/wp-json\/wp\/v2\/pages\/904\/revisions"}],"predecessor-version":[{"id":1073,"href":"https:\/\/www.paksoyenerji.com\/index.php\/wp-json\/wp\/v2\/pages\/904\/revisions\/1073"}],"wp:attachment":[{"href":"https:\/\/www.paksoyenerji.com\/index.php\/wp-json\/wp\/v2\/media?parent=904"}],"curies":[{"name":"wp","href":"https:\/\/api.w.org\/{rel}","templated":true}]}}