{"id":17,"date":"2015-02-05T10:21:11","date_gmt":"2015-02-05T10:21:11","guid":{"rendered":"http:\/\/demo.wpcharming.com\/construction\/?page_id=17"},"modified":"2020-10-05T12:06:23","modified_gmt":"2020-10-05T09:06:23","slug":"faaliyetlerimiz","status":"publish","type":"page","link":"https:\/\/www.paksoyenerji.com\/index.php\/faaliyetlerimiz\/","title":{"rendered":"Faaliyetlerimiz"},"content":{"rendered":"<div class=\"wpb-content-wrapper\"><p>[vc_row row_type=&#8221;row_full_center_content&#8221; padding_top=&#8221;10&#8243; padding_bottom=&#8221;0&#8243;][vc_column]\n\t<div class=\"child-page-wrapper \">\n\t\t<div class=\"grid-wrapper grid-9-columns grid-row \">\n\t\t\t<div class=\"grid-item grid-sm-6 grid-md-4\">\n\t\t\t\t<div class=\"grid-thumbnail\">\n\t\t\t\t\t<a href=\"https:\/\/www.paksoyenerji.com\/index.php\/faaliyetlerimiz\/yuksek-gerilim-isletme-sorumlulugu-hizmeti-trafo-bakim-musavirligi\/\" title=\"Y\u00fcksek Gerilim \u0130\u015fletme Sorumlulu\u011fu\"><img loading=\"lazy\" decoding=\"async\" width=\"600\" height=\"300\" src=\"https:\/\/www.paksoyenerji.com\/wp-content\/uploads\/2020\/09\/05c552a4a2f857647585612c331f0d91-600x300.jpg\" class=\"attachment-medium-thumb size-medium-thumb wp-post-image\" alt=\"\" srcset=\"https:\/\/www.paksoyenerji.com\/wp-content\/uploads\/2020\/09\/05c552a4a2f857647585612c331f0d91-600x300.jpg 600w, https:\/\/www.paksoyenerji.com\/wp-content\/uploads\/2020\/09\/05c552a4a2f857647585612c331f0d91-400x200.jpg 400w, https:\/\/www.paksoyenerji.com\/wp-content\/uploads\/2020\/09\/05c552a4a2f857647585612c331f0d91-800x400.jpg 800w\" sizes=\"auto, (max-width: 600px) 100vw, 600px\" \/><\/a>\n\t\t\t\t<\/div>\n\t\t\t\t<h3 class=\"grid-title\"><a href=\"https:\/\/www.paksoyenerji.com\/index.php\/faaliyetlerimiz\/yuksek-gerilim-isletme-sorumlulugu-hizmeti-trafo-bakim-musavirligi\/\" rel=\"bookmark\">Y\u00fcksek Gerilim \u0130\u015fletme Sorumlulu\u011fu<\/a><\/h3>\n\n\t\t\t\t<p>Y\u00dcKSEK GER\u0130L\u0130M \u0130\u015eLETME SORUMLULU\u011eU H\u0130ZMET\u0130 (Trafo Bak\u0131m M\u00fc\u015favirli\u011fi) Y\u00fcksek Gerilim \u0130\u015fletme Sorumlulu\u011fu Nedir? Zorunlu mudur? Elektrik Y\u00fcksek Gerilim Tesisleri\u2019nde can ve ...<\/p>\n\n\t\t\t\t<a class=\"grid-more\" href=\"https:\/\/www.paksoyenerji.com\/index.php\/faaliyetlerimiz\/yuksek-gerilim-isletme-sorumlulugu-hizmeti-trafo-bakim-musavirligi\/\" title=\"Y\u00fcksek Gerilim \u0130\u015fletme Sorumlulu\u011fu\">Devam\u0131...<\/a>\n\n\t\t\t<\/div>\n\t\t\t\n\t\t\t<div class=\"grid-item grid-sm-6 grid-md-4\">\n\t\t\t\t<div class=\"grid-thumbnail\">\n\t\t\t\t\t<a href=\"https:\/\/www.paksoyenerji.com\/index.php\/faaliyetlerimiz\/enerji-kimlik-belgesi\/\" title=\"Enerji Kimlik Belgesi\"><img loading=\"lazy\" decoding=\"async\" width=\"427\" height=\"300\" src=\"https:\/\/www.paksoyenerji.com\/wp-content\/uploads\/2020\/09\/ekb-nedir-e1601495435900-427x300.jpg\" class=\"attachment-medium-thumb size-medium-thumb wp-post-image\" alt=\"\" \/><\/a>\n\t\t\t\t<\/div>\n\t\t\t\t<h3 class=\"grid-title\"><a href=\"https:\/\/www.paksoyenerji.com\/index.php\/faaliyetlerimiz\/enerji-kimlik-belgesi\/\" rel=\"bookmark\">Enerji Kimlik Belgesi<\/a><\/h3>\n\n\t\t\t\t<p>B\u0130NALARDA ENERJ\u0130 K\u0130ML\u0130K BELGES\u0130 (EKB) NED\u0130R? \u201c5627 Say\u0131l\u0131Enerji Verimlili\u011fi Kanunu\u201d ve buna ba\u011fl\u0131 olarak \u00e7\u0131kart\u0131lan \u201cBinalarda Enerji Performans\u0131 Y\u00f6netmeli\u011fi\u201d ne g\u00f6re, ...<\/p>\n\n\t\t\t\t<a class=\"grid-more\" href=\"https:\/\/www.paksoyenerji.com\/index.php\/faaliyetlerimiz\/enerji-kimlik-belgesi\/\" title=\"Enerji Kimlik Belgesi\">Devam\u0131...<\/a>\n\n\t\t\t<\/div>\n\t\t\t\n\t\t\t<div class=\"grid-item grid-sm-6 grid-md-4\">\n\t\t\t\t<div class=\"grid-thumbnail\">\n\t\t\t\t\t<a href=\"https:\/\/www.paksoyenerji.com\/index.php\/faaliyetlerimiz\/topraklama-ve-katodik-koruma-olcumu\/\" title=\"Topraklama ve Katodik Koruma \u00d6l\u00e7\u00fcm\u00fc\"><img loading=\"lazy\" decoding=\"async\" width=\"600\" height=\"300\" src=\"https:\/\/www.paksoyenerji.com\/wp-content\/uploads\/2020\/09\/olcum-raporlama-600x300.jpg\" class=\"attachment-medium-thumb size-medium-thumb wp-post-image\" alt=\"\" srcset=\"https:\/\/www.paksoyenerji.com\/wp-content\/uploads\/2020\/09\/olcum-raporlama-600x300.jpg 600w, https:\/\/www.paksoyenerji.com\/wp-content\/uploads\/2020\/09\/olcum-raporlama-400x200.jpg 400w, https:\/\/www.paksoyenerji.com\/wp-content\/uploads\/2020\/09\/olcum-raporlama-800x400.jpg 800w\" sizes=\"auto, (max-width: 600px) 100vw, 600px\" \/><\/a>\n\t\t\t\t<\/div>\n\t\t\t\t<h3 class=\"grid-title\"><a href=\"https:\/\/www.paksoyenerji.com\/index.php\/faaliyetlerimiz\/topraklama-ve-katodik-koruma-olcumu\/\" rel=\"bookmark\">Topraklama ve Katodik Koruma \u00d6l\u00e7\u00fcm\u00fc<\/a><\/h3>\n\n\t\t\t\t<p>TOPRAKLAMA NED\u0130R? Topraklama, elektrik ile \u00e7al\u0131\u015fan cihazlar\u0131n olas\u0131 bir elektrik ka\u00e7a\u011f\u0131 tehlikesine kar\u015f\u0131 al\u0131nan hayati bir \u00f6nlemdir. Ka\u00e7ak elektri\u011fin bir iletkenle ...<\/p>\n\n\t\t\t\t<a class=\"grid-more\" href=\"https:\/\/www.paksoyenerji.com\/index.php\/faaliyetlerimiz\/topraklama-ve-katodik-koruma-olcumu\/\" title=\"Topraklama ve Katodik Koruma \u00d6l\u00e7\u00fcm\u00fc\">Devam\u0131...<\/a>\n\n\t\t\t<\/div>\n\t\t\t\n\t\t\t<div class=\"grid-item grid-sm-6 grid-md-4\">\n\t\t\t\t<div class=\"grid-thumbnail\">\n\t\t\t\t\t<a href=\"https:\/\/www.paksoyenerji.com\/index.php\/faaliyetlerimiz\/lpg-sorumlu-mudur-hizmeti\/\" title=\"LPG Sorumlu M\u00fcd\u00fcr Hizmeti\"><img loading=\"lazy\" decoding=\"async\" width=\"175\" height=\"137\" src=\"https:\/\/www.paksoyenerji.com\/wp-content\/uploads\/2020\/09\/lpg-sorumlu-mudur-e1601496160612.png\" class=\"attachment-medium-thumb size-medium-thumb wp-post-image\" alt=\"\" \/><\/a>\n\t\t\t\t<\/div>\n\t\t\t\t<h3 class=\"grid-title\"><a href=\"https:\/\/www.paksoyenerji.com\/index.php\/faaliyetlerimiz\/lpg-sorumlu-mudur-hizmeti\/\" rel=\"bookmark\">LPG Sorumlu M\u00fcd\u00fcr Hizmeti<\/a><\/h3>\n\n\t\t\t\t<p>LPG SORUMLU M\u00dcD\u00dcR H\u0130ZMET\u0130 Sorumlu m\u00fcd\u00fcr; 16 Aral\u0131k 2012 tarih ve 28499 say\u0131l\u0131 Resmi Gazete\u2019de yay\u0131mlanan \u201cS\u0131v\u0131la\u015ft\u0131r\u0131lm\u0131\u015f Petrol Gazlar\u0131 (LPG) Piyasas\u0131 ...<\/p>\n\n\t\t\t\t<a class=\"grid-more\" href=\"https:\/\/www.paksoyenerji.com\/index.php\/faaliyetlerimiz\/lpg-sorumlu-mudur-hizmeti\/\" title=\"LPG Sorumlu M\u00fcd\u00fcr Hizmeti\">Devam\u0131...<\/a>\n\n\t\t\t<\/div>\n\t\t\t\n\t\t\t<div class=\"grid-item grid-sm-6 grid-md-4\">\n\t\t\t\t<div class=\"grid-thumbnail\">\n\t\t\t\t\t<a href=\"https:\/\/www.paksoyenerji.com\/index.php\/faaliyetlerimiz\/is-guvenligi-egitimleri-ve-risk-analizi\/\" title=\"\u0130\u015f G\u00fcvenli\u011fi E\u011fitimleri ve Risk Analizi\"><img loading=\"lazy\" decoding=\"async\" width=\"600\" height=\"300\" src=\"https:\/\/www.paksoyenerji.com\/wp-content\/uploads\/2020\/09\/is-guvenligi-600x300.jpg\" class=\"attachment-medium-thumb size-medium-thumb wp-post-image\" alt=\"\" srcset=\"https:\/\/www.paksoyenerji.com\/wp-content\/uploads\/2020\/09\/is-guvenligi-600x300.jpg 600w, https:\/\/www.paksoyenerji.com\/wp-content\/uploads\/2020\/09\/is-guvenligi-400x200.jpg 400w, https:\/\/www.paksoyenerji.com\/wp-content\/uploads\/2020\/09\/is-guvenligi-800x400.jpg 800w\" sizes=\"auto, (max-width: 600px) 100vw, 600px\" \/><\/a>\n\t\t\t\t<\/div>\n\t\t\t\t<h3 class=\"grid-title\"><a href=\"https:\/\/www.paksoyenerji.com\/index.php\/faaliyetlerimiz\/is-guvenligi-egitimleri-ve-risk-analizi\/\" rel=\"bookmark\">\u0130\u015f G\u00fcvenli\u011fi E\u011fitimleri ve Risk Analizi<\/a><\/h3>\n\n\t\t\t\t<p>\u0130\u015e SA\u011eLI\u011eI VE G\u00dcVENL\u0130\u011e\u0130 NED\u0130R? \u0130\u015f yerindeki fiziki \u00e7evre \u015fartlar\u0131, \u00e7al\u0131\u015fma ortam\u0131 gibi sebeplerden \u00f6t\u00fcr\u00fc i\u015f\u00e7ilerin kar\u015f\u0131la\u015fabilecekleri sa\u011fl\u0131k sorunlar\u0131 ve mesleki ...<\/p>\n\n\t\t\t\t<a class=\"grid-more\" href=\"https:\/\/www.paksoyenerji.com\/index.php\/faaliyetlerimiz\/is-guvenligi-egitimleri-ve-risk-analizi\/\" title=\"\u0130\u015f G\u00fcvenli\u011fi E\u011fitimleri ve Risk Analizi\">Devam\u0131...<\/a>\n\n\t\t\t<\/div>\n\t\t\t\n\t\t\t<div class=\"grid-item grid-sm-6 grid-md-4\">\n\t\t\t\t<div class=\"grid-thumbnail\">\n\t\t\t\t\t<a href=\"https:\/\/www.paksoyenerji.com\/index.php\/faaliyetlerimiz\/kompanzasyon\/\" title=\"Kompanzasyon\"><img loading=\"lazy\" decoding=\"async\" width=\"600\" height=\"300\" src=\"https:\/\/www.paksoyenerji.com\/wp-content\/uploads\/2020\/09\/kompanzasyon-panosu--600x300.jpg\" class=\"attachment-medium-thumb size-medium-thumb wp-post-image\" alt=\"Paksoy Enerji Kompanzasyon\" srcset=\"https:\/\/www.paksoyenerji.com\/wp-content\/uploads\/2020\/09\/kompanzasyon-panosu--600x300.jpg 600w, https:\/\/www.paksoyenerji.com\/wp-content\/uploads\/2020\/09\/kompanzasyon-panosu--300x149.jpg 300w, https:\/\/www.paksoyenerji.com\/wp-content\/uploads\/2020\/09\/kompanzasyon-panosu--400x200.jpg 400w\" sizes=\"auto, (max-width: 600px) 100vw, 600px\" \/><\/a>\n\t\t\t\t<\/div>\n\t\t\t\t<h3 class=\"grid-title\"><a href=\"https:\/\/www.paksoyenerji.com\/index.php\/faaliyetlerimiz\/kompanzasyon\/\" rel=\"bookmark\">Kompanzasyon<\/a><\/h3>\n\n\t\t\t\t<p>KOMPANZASYON NED\u0130R? G\u00fcn\u00fcm\u00fczde elektrik \u015febekelerinin abone g\u00fc\u00e7lerinde s\u00fcrekli olarak bir art\u0131\u015f g\u00f6zlemlenmektedir. Bu nedenle reaktif y\u00fckler zamanla art\u0131\u015f g\u00f6sterir ve \u015febekenin ...<\/p>\n\n\t\t\t\t<a class=\"grid-more\" href=\"https:\/\/www.paksoyenerji.com\/index.php\/faaliyetlerimiz\/kompanzasyon\/\" title=\"Kompanzasyon\">Devam\u0131...<\/a>\n\n\t\t\t<\/div>\n\t\t\t\n\t\t<\/div>\n\t<\/div>[\/vc_column][\/vc_row]<\/p>\n<\/div>","protected":false},"excerpt":{"rendered":"<p>[vc_row row_type=&#8221;row_full_center_content&#8221; padding_top=&#8221;10&#8243; padding_bottom=&#8221;0&#8243;][vc_column][\/vc_column][\/vc_row]<\/p>\n","protected":false},"author":1,"featured_media":0,"parent":0,"menu_order":0,"comment_status":"closed","ping_status":"open","template":"","meta":{"footnotes":""},"class_list":["post-17","page","type-page","status-publish","hentry"],"aioseo_notices":[],"_links":{"self":[{"href":"https:\/\/www.paksoyenerji.com\/index.php\/wp-json\/wp\/v2\/pages\/17","targetHints":{"allow":["GET"]}}],"collection":[{"href":"https:\/\/www.paksoyenerji.com\/index.php\/wp-json\/wp\/v2\/pages"}],"about":[{"href":"https:\/\/www.paksoyenerji.com\/index.php\/wp-json\/wp\/v2\/types\/page"}],"author":[{"embeddable":true,"href":"https:\/\/www.paksoyenerji.com\/index.php\/wp-json\/wp\/v2\/users\/1"}],"replies":[{"embeddable":true,"href":"https:\/\/www.paksoyenerji.com\/index.php\/wp-json\/wp\/v2\/comments?post=17"}],"version-history":[{"count":16,"href":"https:\/\/www.paksoyenerji.com\/index.php\/wp-json\/wp\/v2\/pages\/17\/revisions"}],"predecessor-version":[{"id":1220,"href":"https:\/\/www.paksoyenerji.com\/index.php\/wp-json\/wp\/v2\/pages\/17\/revisions\/1220"}],"wp:attachment":[{"href":"https:\/\/www.paksoyenerji.com\/index.php\/wp-json\/wp\/v2\/media?parent=17"}],"curies":[{"name":"wp","href":"https:\/\/api.w.org\/{rel}","templated":true}]}}